{"id":168,"date":"2021-06-24T08:37:57","date_gmt":"2021-06-24T08:37:57","guid":{"rendered":"https:\/\/www.vn.kumonasiaoceania.com\/?page_id=168"},"modified":"2022-03-28T06:46:53","modified_gmt":"2022-03-28T06:46:53","slug":"terms-conditions","status":"publish","type":"page","link":"https:\/\/www.vn.kumonasiaoceania.com\/vi\/terms-conditions\/","title":{"rendered":"\u0110i\u1ec1u kho\u1ea3n s\u1eed d\u1ee5ng"},"content":{"rendered":"<p><\/p>\n<p dir=\"ltr\"><span style=\"font-weight: 400;\">TH\u00d4NG B\u00c1O S\u1ede H\u1eeeU TR\u00cd TU\u1ec6<\/span><\/p>\n<p dir=\"ltr\"><span style=\"font-weight: 400;\">Bi\u1ec3u tr\u01b0ng, \u0111\u1ed3 h\u1ecda, h\u00ecnh \u1ea3nh, thi\u1ebft k\u1ebf v\u00e0 b\u1ed1 c\u1ee5c (\u201cN\u1ed9i dung\u201d) c\u1ee7a to\u00e0n b\u1ed9 trang web n\u00e0y l\u00e0 t\u00e0i s\u1ea3n \u0111\u1ed9c quy\u1ec1n c\u1ee7a Kumon Asia &amp; Oceania Pte Ltd. N\u1ed9i dung tr\u00ean trang web n\u00e0y s\u1ebd kh\u00f4ng \u0111\u01b0\u1ee3c sao ch\u00e9p, \u0111\u00ednh k\u00e8m, sao ch\u00e9p ho\u1eb7c li\u00ean k\u1ebft \u0111\u1ebfn ho\u1eb7c t\u1eeb b\u1ea5t k\u1ef3 trang web n\u00e0o kh\u00e1c ho\u1eb7c b\u1ea5t k\u1ef3 ph\u01b0\u01a1ng ti\u1ec7n in \u1ea5n ho\u1eb7c \u0111i\u1ec7n t\u1eed n\u00e0o kh\u00e1c m\u00e0 kh\u00f4ng c\u00f3 s\u1ef1 \u0111\u1ed3ng \u00fd r\u00f5 r\u00e0ng b\u1eb1ng v\u0103n b\u1ea3n c\u1ee7a Kumon Asia &amp; Oceania Pte Ltd. \u00a9 2018 Kumon Asia &amp; Oceania Pte Ltd. B\u1ea3o l\u01b0u m\u1ecdi quy\u1ec1n.<\/span><\/p>\n<p><\/p>","protected":false},"excerpt":{"rendered":"<p>TH\u00d4NG B\u00c1O S\u1ede H\u1eeeU TR\u00cd TU\u1ec6 Bi\u1ec3u tr\u01b0ng, \u0111\u1ed3 h\u1ecda, h\u00ecnh \u1ea3nh, thi\u1ebft k\u1ebf v\u00e0 b\u1ed1 c\u1ee5c (\u201cN\u1ed9i dung\u201d) c\u1ee7a to\u00e0n b\u1ed9 trang web n\u00e0y l\u00e0 t\u00e0i s\u1ea3n \u0111\u1ed9c quy\u1ec1n c\u1ee7a Kumon Asia &amp; Oceania Pte Ltd. N\u1ed9i dung tr\u00ean trang web n\u00e0y s\u1ebd kh\u00f4ng \u0111\u01b0\u1ee3c sao ch\u00e9p, \u0111\u00ednh k\u00e8m, sao ch\u00e9p ho\u1eb7c li\u00ean k\u1ebft [&hellip;]<\/p>\n","protected":false},"author":2,"featured_media":0,"parent":0,"menu_order":0,"comment_status":"closed","ping_status":"closed","template":"","meta":{"_links_to":"","_links_to_target":""},"_links":{"self":[{"href":"https:\/\/www.vn.kumonasiaoceania.com\/vi\/wp-json\/wp\/v2\/pages\/168"}],"collection":[{"href":"https:\/\/www.vn.kumonasiaoceania.com\/vi\/wp-json\/wp\/v2\/pages"}],"about":[{"href":"https:\/\/www.vn.kumonasiaoceania.com\/vi\/wp-json\/wp\/v2\/types\/page"}],"author":[{"embeddable":true,"href":"https:\/\/www.vn.kumonasiaoceania.com\/vi\/wp-json\/wp\/v2\/users\/2"}],"replies":[{"embeddable":true,"href":"https:\/\/www.vn.kumonasiaoceania.com\/vi\/wp-json\/wp\/v2\/comments?post=168"}],"version-history":[{"count":3,"href":"https:\/\/www.vn.kumonasiaoceania.com\/vi\/wp-json\/wp\/v2\/pages\/168\/revisions"}],"predecessor-version":[{"id":185,"href":"https:\/\/www.vn.kumonasiaoceania.com\/vi\/wp-json\/wp\/v2\/pages\/168\/revisions\/185"}],"wp:attachment":[{"href":"https:\/\/www.vn.kumonasiaoceania.com\/vi\/wp-json\/wp\/v2\/media?parent=168"}],"curies":[{"name":"wp","href":"https:\/\/api.w.org\/{rel}","templated":true}]}}